{"id":1390,"date":"2021-10-04T13:24:41","date_gmt":"2021-10-04T13:24:41","guid":{"rendered":"http:\/\/fastwpdemo.com\/newwp\/energo\/?page_id=1390"},"modified":"2025-01-14T21:25:38","modified_gmt":"2025-01-14T21:25:38","slug":"energia-solar-termica","status":"publish","type":"page","link":"https:\/\/gmotica.com.ar\/index.php\/servicios\/energia-solar-termica\/","title":{"rendered":"Energ\u00eda Solar t\u00e9rmica"},"content":{"rendered":"\t\t<div data-elementor-type=\"wp-page\" data-elementor-id=\"1390\" class=\"elementor elementor-1390\">\n\t\t\t\t\t\t<section class=\"elementor-section elementor-top-section elementor-element elementor-element-bca7eae elementor-section-full_width elementor-section-height-default elementor-section-height-default\" data-id=\"bca7eae\" data-element_type=\"section\">\n\t\t\t\t\t\t<div class=\"elementor-container elementor-column-gap-default\">\n\t\t\t\t\t<div class=\"elementor-column elementor-col-100 elementor-top-column elementor-element elementor-element-1cb90f9\" data-id=\"1cb90f9\" data-element_type=\"column\">\n\t\t\t<div class=\"elementor-widget-wrap elementor-element-populated\">\n\t\t\t\t\t\t<div class=\"elementor-element elementor-element-b2ce72a elementor-widget elementor-widget-energo_service_details\" data-id=\"b2ce72a\" data-element_type=\"widget\" data-widget_type=\"energo_service_details.default\">\n\t\t\t\t<div class=\"elementor-widget-container\">\n\t\t\t        \n        <!-- service-details -->\n        <section class=\"service-details\">\n            <div class=\"auto-container\">\n                <div class=\"row clearfix\">\n                    <div class=\"col-lg-4 col-md-12 col-sm-12 sidebar-side\">\n                        <div class=\"service-sidebar default-sidebar\">\n                            <div id=\"nav_menu-9\" class=\"sidebar-widget widget_nav_menu\"><div class=\"widget-title\"><h5>Nuestros Servicios<\/h5><\/div><div class=\"menu-services-menu-container\"><ul id=\"menu-services-menu\" class=\"menu\"><li id=\"menu-item-2178\" class=\"menu-item menu-item-type-post_type menu-item-object-page menu-item-2178\"><a href=\"https:\/\/gmotica.com.ar\/index.php\/servicios\/energia-solar-termica\/\">Energ\u00eda Solar t\u00e9rmica<\/a><\/li>\n<li id=\"menu-item-2176\" class=\"menu-item menu-item-type-post_type menu-item-object-page menu-item-2176\"><a href=\"https:\/\/gmotica.com.ar\/index.php\/servicios\/energia-solar-fotovoltaica\/\">Energ\u00eda Solar Fotovoltaica<\/a><\/li>\n<li id=\"menu-item-2177\" class=\"menu-item menu-item-type-post_type menu-item-object-page menu-item-2177\"><a href=\"https:\/\/gmotica.com.ar\/index.php\/servicios\/bombeo-solar\/\">Bombeo Solar<\/a><\/li>\n<\/ul><\/div><\/div>                        <\/div>\n                    <\/div>\n                    <div class=\"col-lg-8 col-md-12 col-sm-12 content-side\">\n                        <div class=\"service-details-content\">\n                            <figure class=\"main-image\"><img decoding=\"async\" src=\"https:\/\/gmotica.com.ar\/wp-content\/uploads\/2023\/01\/gmotica-nuevo-3.jpg\" alt=\"Awesome Image\"><\/figure>\n                            <div class=\"content-one\">\n                                <div class=\"text\">\n                                    <h2>Energ\u00eda Solar T\u00e9rmica<\/h2>\n                                    <p>La energ\u00eda solar t\u00e9rmica es el uso de la energ\u00eda solar para el calentamiento de fluidos.\n<\/p>\n<p>Esa energ\u00eda cal\u00f3rica, que eleva la temperatura del agua, se utiliza para aplicaciones como: Calentamiento de agua sanitaria: duchas, lavado de ropa, vajilla. Calefacci\u00f3n de ambientes.<\/p>                                <\/div>\n\t\t\t\t\t\t\t\t\n\t\t\t\t\t\t\t\t                                <div class=\"inner-box\">\n\t\t\t\t\t\t\t\t\t                                    <div class=\"single-item\">\n                                        <div class=\"image-box\">\n                                            <figure class=\"image\"><img decoding=\"async\" src=\"https:\/\/gmotica.com.ar\/wp-content\/uploads\/2023\/01\/icon-gmotica.jpg\" alt=\"Awesome Image\"><\/figure>\n                                            <div class=\"icon\"><i class=\"flaticon-building\"><\/i><\/div>\n                                        <\/div>\n                                        <div class=\"inner\">\n                                            <div class=\"text\">\n                                                <h5>Calefacci\u00f3n Solar<\/h5>\n                                                <p>Se realiza a trav\u00e9s de losa radiante, ... <\/p>\n                                            <\/div>\n                                            <div class=\"overlay-text\">\n                                                <p>Se realiza a trav\u00e9s de losa radiante, quedando la caldera convencional como equipo auxiliar al sistema.<\/p>\n                                            <\/div>\n                                        <\/div>\n                                    <\/div>\n                                                                        <div class=\"single-item\">\n                                        <div class=\"image-box\">\n                                            <figure class=\"image\"><img decoding=\"async\" src=\"https:\/\/gmotica.com.ar\/wp-content\/uploads\/2022\/12\/pileta.jpg\" alt=\"Awesome Image\"><\/figure>\n                                            <div class=\"icon\"><i class=\"fa fa-water-rise\"><\/i><\/div>\n                                        <\/div>\n                                        <div class=\"inner\">\n                                            <div class=\"text\">\n                                                <h5>Climatizaci\u00f3n de piletas<\/h5>\n                                                <p>Se busca extender el uso de la pileta por fuera de la temporada de verano...\n<\/p>\n                                            <\/div>\n                                            <div class=\"overlay-text\">\n                                                <p>Se busca extender el uso de la pileta por fuera de la temporada de verano, pudiendo llegar a usarse todo el a\u00f1o en determinadas condiciones.\n<\/p>\n                                            <\/div>\n                                        <\/div>\n                                    <\/div>\n                                                                        <div class=\"single-item\">\n                                        <div class=\"image-box\">\n                                            <figure class=\"image\"><img decoding=\"async\" src=\"https:\/\/gmotica.com.ar\/wp-content\/uploads\/2021\/09\/termotanque-2.jpg\" alt=\"Awesome Image\"><\/figure>\n                                            <div class=\"icon\"><i class=\"flaticon-geothermal\"><\/i><\/div>\n                                        <\/div>\n                                        <div class=\"inner\">\n                                            <div class=\"text\">\n                                                <h5>Termotanque Solar<\/h5>\n                                                <p>Se realiza con termotanques solares ...<\/p>\n                                            <\/div>\n                                            <div class=\"overlay-text\">\n                                                <p>Se realiza con termotanques solares de tubos de vac\u00edo o heat pipe, seg\u00fan la necesidad.<\/p>\n                                            <\/div>\n                                        <\/div>\n                                    <\/div>\n                                                                    <\/div>\n\t\t\t\t\t\t\t\t                            <\/div>\n                            <div class=\"content-two\">\n                                <div class=\"text\">\n                                    <h3>Soluci\u00f3n integral para el cliente<\/h3>\n                                    <p>Tenemos m\u00e1s de 5 a\u00f1os de experiencia en instalaciones solares. Buscamos en cada instalaci\u00f3n tener la mayor eficiencia y eficacia, reduciendo al m\u00e1ximo los costos de ejecuci\u00f3n, para hacer esta actividad m\u00e1s accesible al gran p\u00fablico.\n<\/p>\n                                <\/div>\n                                <div class=\"feature-list\">\n                                    <div class=\"row clearfix\">\n\t\t\t\t\t\t\t\t\t\t                                        <div class=\"col-lg-6 col-md-6 col-sm-12 column\">\n                                            <div class=\"single-item\">\n                                                <div class=\"icon-box\"><i class=\"fa fa-check-circle\"><\/i><\/div>\n\t\t\t\t\t\t\t\t\t\t\t\t<h6>Inspecciones<\/h6>\n                                            <\/div>\n                                        <\/div>\n\t\t\t\t\t\t\t\t\t\t                                        <div class=\"col-lg-6 col-md-6 col-sm-12 column\">\n                                            <div class=\"single-item\">\n                                                <div class=\"icon-box\"><i class=\"fa fa-check-circle\"><\/i><\/div>\n\t\t\t\t\t\t\t\t\t\t\t\t<h6>Asesoramiento<\/h6>\n                                            <\/div>\n                                        <\/div>\n\t\t\t\t\t\t\t\t\t\t                                        <div class=\"col-lg-6 col-md-6 col-sm-12 column\">\n                                            <div class=\"single-item\">\n                                                <div class=\"icon-box\"><i class=\"fa fa-check-circle\"><\/i><\/div>\n\t\t\t\t\t\t\t\t\t\t\t\t<h6>Dimensionamiento<\/h6>\n                                            <\/div>\n                                        <\/div>\n\t\t\t\t\t\t\t\t\t\t                                        <div class=\"col-lg-6 col-md-6 col-sm-12 column\">\n                                            <div class=\"single-item\">\n                                                <div class=\"icon-box\"><i class=\"fa fa-check-circle\"><\/i><\/div>\n\t\t\t\t\t\t\t\t\t\t\t\t<h6>Ejecuci\u00f3n <\/h6>\n                                            <\/div>\n                                        <\/div>\n\t\t\t\t\t\t\t\t\t\t                                        <div class=\"col-lg-6 col-md-6 col-sm-12 column\">\n                                            <div class=\"single-item\">\n                                                <div class=\"icon-box\"><i class=\"fa fa-check-circle\"><\/i><\/div>\n\t\t\t\t\t\t\t\t\t\t\t\t<h6>Certificaci\u00f3n<\/h6>\n                                            <\/div>\n                                        <\/div>\n\t\t\t\t\t\t\t\t\t\t                                        <div class=\"col-lg-6 col-md-6 col-sm-12 column\">\n                                            <div class=\"single-item\">\n                                                <div class=\"icon-box\"><i class=\"fa fa-check-circle\"><\/i><\/div>\n\t\t\t\t\t\t\t\t\t\t\t\t<h6>Mantenimiento<\/h6>\n                                            <\/div>\n                                        <\/div>\n\t\t\t\t\t\t\t\t\t\t                                    <\/div>\n                                <\/div>\n                            <\/div>\n                            <div class=\"content-three\">\n                                <div class=\"text\">\n                                    <h3>\u00bfQu\u00e9 incluye nuestro servicio?<\/h3>\n                                    <p>Asesoramiento por ingenieros y t\u00e9cnicos especializados en energ\u00edas renovables  que se actualizan constantemente para la aplicaci\u00f3n de tecnolog\u00edas de vanguardia. Poseen certificaciones de marcas y empresas internacionales.\n\n<\/p>\n                                <\/div>\n                                <div class=\"inner-box\">\n                                    <figure class=\"image-box\"><img decoding=\"async\" src=\"https:\/\/gmotica.com.ar\/wp-content\/uploads\/2022\/12\/termotanque.jpg\" alt=\"Awesome Image\"><\/figure>\n\t\t\t\t\t\t\t\t\t\n\t\t\t\t\t\t\t\t\t                                    <div class=\"carousel-box\">\n                                        <div class=\"single-item-carousel owl-carousel owl-theme owl-dots-none\">\n                                            \t\t\t\t\t\t\t\t\t\t\t<div class=\"inner\">\n                                                <span>01.<\/span>\n                                                <h5>Calefacci\u00f3n Solar<\/h5>\n                                                <p>Logra autonom\u00eda utilizando energ\u00eda solar.<\/p>\n                                            <\/div>\n                                            \t\t\t\t\t\t\t\t\t\t\t<div class=\"inner\">\n                                                <span>02.<\/span>\n                                                <h5>Climatizaci\u00f3n de piletas<\/h5>\n                                                <p>Extiende el uso de tu pileta fuera de la temporada de verano.<\/p>\n                                            <\/div>\n                                            \t\t\t\t\t\t\t\t\t\t\t<div class=\"inner\">\n                                                <span>03.<\/span>\n                                                <h5>Termotanque solar<\/h5>\n                                                <p>Ahorro energ\u00e9tico, hasta un 80% en electricidad o gas\n<\/p>\n                                            <\/div>\n                                                                                    <\/div>\n                                    <\/div>\n\t\t\t\t\t\t\t\t\t                                <\/div>\n                            <\/div>\n                            <div class=\"content-four\">\n                                <div class=\"text\">\n                                    <h3>\u00bfQu\u00e9 nos diferencia?<\/h3>\n                                    <p>Buscamos que cada proyecto sea \u00fanico, brindando una r\u00e1pida respuesta, calidez en la atenci\u00f3n y compromiso para con nuestros clientes. <\/p>\n                                <\/div>\n                                <div class=\"inner-box\">\n                                    <div class=\"row clearfix\">\n                                        <div class=\"col-lg-6 col-md-6 col-sm-12 single-column\">\n                                            <div class=\"single-item\">\n                                                <h5>Antes de instalar<\/h5>\n\t\t\t\t\t\t\t\t\t\t\t\t\n\t\t\t\t\t\t\t\t\t\t\t\t                                                <ul>\n                                                                                                        <li>Calidez en la atenci\u00f3n<\/li>\n\t\t\t\t\t\t\t\t\t\t\t\t\t                                                    <li>Compromiso<\/li>\n\t\t\t\t\t\t\t\t\t\t\t\t\t                                                    <li>Rapidez en respuesta<\/li>\n\t\t\t\t\t\t\t\t\t\t\t\t\t                                                    <li>Financiamiento<\/li>\n\t\t\t\t\t\t\t\t\t\t\t\t\t                                                <\/ul>\n\t\t\t\t\t\t\t\t\t\t\t\t                                            <\/div>\n                                        <\/div>\n                                        <div class=\"col-lg-6 col-md-6 col-sm-12 single-column\">\n                                            <div class=\"single-item\">\n                                                <h5>Despu\u00e9s de instalar<\/h5>\n\t\t\t\t\t\t\t\t\t\t\t\t\n\t\t\t\t\t\t\t\t\t\t\t\t                                                <ul>\n                                                                                                        <li>Se cuida la prolijidad<\/li>\n\t\t\t\t\t\t\t\t\t\t\t\t\t                                                    <li>Se cuida la est\u00e9tica<\/li>\n\t\t\t\t\t\t\t\t\t\t\t\t\t                                                    <li>Componentes debidamente identificados<\/li>\n\t\t\t\t\t\t\t\t\t\t\t\t\t                                                    <li>Uso de componentes de alta calidad<\/li>\n\t\t\t\t\t\t\t\t\t\t\t\t\t                                                <\/ul>\n\t\t\t\t\t\t\t\t\t\t\t\t                                            <\/div>\n                                        <\/div>\n                                    <\/div>\n                                <\/div>\n                            <\/div>\n                        <\/div>\n                    <\/div>\n                <\/div>\n            <\/div>\n        <\/section>\n        <!-- service-details end -->\n        \n        \t\t<\/div>\n\t\t\t\t<\/div>\n\t\t\t\t\t<\/div>\n\t\t<\/div>\n\t\t\t\t\t<\/div>\n\t\t<\/section>\n\t\t\t\t<section class=\"elementor-section elementor-top-section elementor-element elementor-element-33bd882 elementor-section-boxed elementor-section-height-default elementor-section-height-default\" data-id=\"33bd882\" data-element_type=\"section\">\n\t\t\t\t\t\t<div class=\"elementor-container elementor-column-gap-default\">\n\t\t\t\t\t<div class=\"elementor-column elementor-col-100 elementor-top-column elementor-element elementor-element-95233ec\" data-id=\"95233ec\" data-element_type=\"column\">\n\t\t\t<div class=\"elementor-widget-wrap elementor-element-populated\">\n\t\t\t\t\t\t<div class=\"elementor-element elementor-element-6931664 elementor-align-center elementor-widget elementor-widget-button\" data-id=\"6931664\" data-element_type=\"widget\" data-widget_type=\"button.default\">\n\t\t\t\t<div class=\"elementor-widget-container\">\n\t\t\t\t\t<div class=\"elementor-button-wrapper\">\n\t\t\t<a class=\"elementor-button elementor-button-link elementor-size-sm\" href=\"https:\/\/wa.me\/5493513518603?text=\" target=\"_blank\" rel=\"noopener\">\n\t\t\t\t\t\t<span class=\"elementor-button-content-wrapper\">\n\t\t\t\t\t\t\t\t\t<span class=\"elementor-button-text\">Solicitar Cotizaci\u00f3n<\/span>\n\t\t\t\t\t<\/span>\n\t\t\t\t\t<\/a>\n\t\t<\/div>\n\t\t\t\t<\/div>\n\t\t\t\t<\/div>\n\t\t\t\t\t<\/div>\n\t\t<\/div>\n\t\t\t\t\t<\/div>\n\t\t<\/section>\n\t\t\t\t<section class=\"elementor-section elementor-top-section elementor-element elementor-element-d33e838 elementor-section-boxed elementor-section-height-default elementor-section-height-default\" data-id=\"d33e838\" data-element_type=\"section\">\n\t\t\t\t\t\t<div class=\"elementor-container elementor-column-gap-default\">\n\t\t\t\t\t<div class=\"elementor-column elementor-col-100 elementor-top-column elementor-element elementor-element-e06fb29\" data-id=\"e06fb29\" data-element_type=\"column\">\n\t\t\t<div class=\"elementor-widget-wrap elementor-element-populated\">\n\t\t\t\t\t\t<div class=\"elementor-element elementor-element-0f01562 elementor-widget elementor-widget-spacer\" data-id=\"0f01562\" data-element_type=\"widget\" data-widget_type=\"spacer.default\">\n\t\t\t\t<div class=\"elementor-widget-container\">\n\t\t\t<style>\/*! elementor - v3.23.0 - 05-08-2024 *\/\n.elementor-column .elementor-spacer-inner{height:var(--spacer-size)}.e-con{--container-widget-width:100%}.e-con-inner>.elementor-widget-spacer,.e-con>.elementor-widget-spacer{width:var(--container-widget-width,var(--spacer-size));--align-self:var(--container-widget-align-self,initial);--flex-shrink:0}.e-con-inner>.elementor-widget-spacer>.elementor-widget-container,.e-con>.elementor-widget-spacer>.elementor-widget-container{height:100%;width:100%}.e-con-inner>.elementor-widget-spacer>.elementor-widget-container>.elementor-spacer,.e-con>.elementor-widget-spacer>.elementor-widget-container>.elementor-spacer{height:100%}.e-con-inner>.elementor-widget-spacer>.elementor-widget-container>.elementor-spacer>.elementor-spacer-inner,.e-con>.elementor-widget-spacer>.elementor-widget-container>.elementor-spacer>.elementor-spacer-inner{height:var(--container-widget-height,var(--spacer-size))}.e-con-inner>.elementor-widget-spacer.elementor-widget-empty,.e-con>.elementor-widget-spacer.elementor-widget-empty{position:relative;min-height:22px;min-width:22px}.e-con-inner>.elementor-widget-spacer.elementor-widget-empty .elementor-widget-empty-icon,.e-con>.elementor-widget-spacer.elementor-widget-empty .elementor-widget-empty-icon{position:absolute;top:0;bottom:0;left:0;right:0;margin:auto;padding:0;width:22px;height:22px}<\/style>\t\t<div class=\"elementor-spacer\">\n\t\t\t<div class=\"elementor-spacer-inner\"><\/div>\n\t\t<\/div>\n\t\t\t\t<\/div>\n\t\t\t\t<\/div>\n\t\t\t\t\t<\/div>\n\t\t<\/div>\n\t\t\t\t\t<\/div>\n\t\t<\/section>\n\t\t\t\t<\/div>\n\t\t","protected":false},"excerpt":{"rendered":"<p>Nuestros Servicios Energ\u00eda Solar t\u00e9rmica Energ\u00eda Solar Fotovoltaica Bombeo Solar Energ\u00eda Solar T\u00e9rmica La energ\u00eda solar t\u00e9rmica es el uso de la energ\u00eda solar para el calentamiento de fluidos. Esa energ\u00eda cal\u00f3rica, que eleva la temperatura del agua, se utiliza para aplicaciones como: Calentamiento de agua sanitaria: duchas, lavado de ropa, vajilla. Calefacci\u00f3n de ambientes. [&hellip;]<\/p>\n","protected":false},"author":1,"featured_media":0,"parent":786,"menu_order":0,"comment_status":"closed","ping_status":"closed","template":"tpl-default-elementor.php","meta":{"om_disable_all_campaigns":false,"rank_math_lock_modified_date":false,"_monsterinsights_skip_tracking":false,"_monsterinsights_sitenote_active":false,"_monsterinsights_sitenote_note":"","_monsterinsights_sitenote_category":0,"footnotes":""},"class_list":["post-1390","page","type-page","status-publish","hentry"],"_links":{"self":[{"href":"https:\/\/gmotica.com.ar\/index.php\/wp-json\/wp\/v2\/pages\/1390"}],"collection":[{"href":"https:\/\/gmotica.com.ar\/index.php\/wp-json\/wp\/v2\/pages"}],"about":[{"href":"https:\/\/gmotica.com.ar\/index.php\/wp-json\/wp\/v2\/types\/page"}],"author":[{"embeddable":true,"href":"https:\/\/gmotica.com.ar\/index.php\/wp-json\/wp\/v2\/users\/1"}],"replies":[{"embeddable":true,"href":"https:\/\/gmotica.com.ar\/index.php\/wp-json\/wp\/v2\/comments?post=1390"}],"version-history":[{"count":97,"href":"https:\/\/gmotica.com.ar\/index.php\/wp-json\/wp\/v2\/pages\/1390\/revisions"}],"predecessor-version":[{"id":3482,"href":"https:\/\/gmotica.com.ar\/index.php\/wp-json\/wp\/v2\/pages\/1390\/revisions\/3482"}],"up":[{"embeddable":true,"href":"https:\/\/gmotica.com.ar\/index.php\/wp-json\/wp\/v2\/pages\/786"}],"wp:attachment":[{"href":"https:\/\/gmotica.com.ar\/index.php\/wp-json\/wp\/v2\/media?parent=1390"}],"curies":[{"name":"wp","href":"https:\/\/api.w.org\/{rel}","templated":true}]}}