{"id":703,"date":"2021-09-20T18:55:27","date_gmt":"2021-09-20T18:55:27","guid":{"rendered":"http:\/\/fastwpdemo.com\/newwp\/energo\/?page_id=703"},"modified":"2026-03-11T20:28:58","modified_gmt":"2026-03-11T20:28:58","slug":"preguntas-frecuentes","status":"publish","type":"page","link":"https:\/\/gmotica.com.ar\/index.php\/preguntas-frecuentes\/","title":{"rendered":"Preguntas Frecuentes"},"content":{"rendered":"\t\t<div data-elementor-type=\"wp-page\" data-elementor-id=\"703\" class=\"elementor elementor-703\">\n\t\t\t\t\t\t<section class=\"elementor-section elementor-top-section elementor-element elementor-element-f63ebba elementor-section-full_width elementor-section-height-default elementor-section-height-default\" data-id=\"f63ebba\" data-element_type=\"section\">\n\t\t\t\t\t\t<div class=\"elementor-container elementor-column-gap-default\">\n\t\t\t\t\t<div class=\"elementor-column elementor-col-100 elementor-top-column elementor-element elementor-element-c551ab4\" data-id=\"c551ab4\" data-element_type=\"column\">\n\t\t\t<div class=\"elementor-widget-wrap elementor-element-populated\">\n\t\t\t\t\t\t<div class=\"elementor-element elementor-element-e5ddc1c elementor-widget elementor-widget-energo_faqs\" data-id=\"e5ddc1c\" data-element_type=\"widget\" data-widget_type=\"energo_faqs.default\">\n\t\t\t\t<div class=\"elementor-widget-container\">\n\t\t\t\n\t\t<!-- faq-page-section -->\n        <section class=\"faq-page-section sec-pad\">\n            <div class=\"auto-container\">\n                <div class=\"sec-title centred\">\n\t\t\t\t\t                    <div class=\"title-top\">\n                        <div class=\"shape-box\">\n                            <span class=\"shape shape-1\">\/\/<\/span>\n                            <span class=\"shape shape-2\">\\\\<\/span>\n                        <\/div>\n                        <h6>FAQ's<\/h6>\n                    <\/div>\n\t\t\t\t\t                    <h2>\u00bfC\u00f3mo podemos ayudarte?<\/h2>\n                <\/div>\n                <div class=\"search-form\">\n                                    <\/div>\n                <div class=\"row clearfix\">\n                    <div class=\"col-lg-8 col-md-12 col-sm-12 content-side\">\n                        <div class=\"faq-content\">\n                            <ul class=\"accordion-box\">\n\t\t\t\t\t\t\t\t                                <li class=\"accordion block active-block\">\n                                    <div class=\"acc-btn active\">\n                                        <div class=\"icon-outer\"><\/div>\n                                        <h6>\u00bfQu\u00e9 es la energ\u00eda solar fotovoltaica?<\/h6>\n                                    <\/div>\n                                    <div class=\"acc-content current\">\n                                        <div class=\"text\">\n                                            <p>La energ\u00eda solar fotovoltaica es aquella que se obtiene del sol a trav\u00e9s de los paneles solares, que recogen su luz para transformarla en electricidad. Es una fuente de energ\u00eda limpia, renovable e inagotable.<\/p>\n                                        <\/div>\n                                    <\/div>\n                                <\/li>\n\t\t\t\t\t\t\t\t                                <li class=\"accordion block \">\n                                    <div class=\"acc-btn \">\n                                        <div class=\"icon-outer\"><\/div>\n                                        <h6>\u00bfQu\u00e9 es la energ\u00eda solar t\u00e9rmica?<\/h6>\n                                    <\/div>\n                                    <div class=\"acc-content \">\n                                        <div class=\"text\">\n                                            <p>La energ\u00eda solar t\u00e9rmica es aquella que se obtiene del sol, mediante colectores solares, para el calentamiento de agua. Esta agua caliente la pod\u00e9s utilizarla en el ba\u00f1o y\/o calefaccionar tu vivienda o pileta.<\/p>\n                                        <\/div>\n                                    <\/div>\n                                <\/li>\n\t\t\t\t\t\t\t\t                                <li class=\"accordion block \">\n                                    <div class=\"acc-btn \">\n                                        <div class=\"icon-outer\"><\/div>\n                                        <h6>\u00bfQu\u00e9 permisos se necesitan para instalar placas solares?<\/h6>\n                                    <\/div>\n                                    <div class=\"acc-content \">\n                                        <div class=\"text\">\n                                            <p>En caso de sistemas On Grid (conectados a la red) se debe tramitar una serie de formularios y certificaciones Tr\u00e1mites previos: Factibilidad t\u00e9cnica ante el Ente Regulador de Servicios para realizaci\u00f3n de la instalaci\u00f3n.\u00a0 En caso de aumento de potencia demandada, se deber\u00e1 solicitar ante el Ente prestador de Servicio El\u00e9ctrico Tr\u00e1mites posteriores: Aprobaci\u00f3n de la instalaci\u00f3n ante Ente Regulador de Servicios Pedido de cambio de medidor ante Ente prestador de Servicio El\u00e9ctrico &nbsp; \u00a1No te preocupes, todos estos tr\u00e1mites los realizamos nosotros!<\/p>\n                                        <\/div>\n                                    <\/div>\n                                <\/li>\n\t\t\t\t\t\t\t\t                                <li class=\"accordion block \">\n                                    <div class=\"acc-btn \">\n                                        <div class=\"icon-outer\"><\/div>\n                                        <h6>\u00bfTengo que hacer modificaciones en mi casa \/ negocio \/ f\u00e1brica para instalar energ\u00eda solar?<\/h6>\n                                    <\/div>\n                                    <div class=\"acc-content \">\n                                        <div class=\"text\">\n                                            <p>No, nosotros adaptamos las instalaci\u00f3n solar a tus instalaciones existentes sin mayores complicaciones. Cuidando en muchas ocasiones, la est\u00e9tica del lugar.<\/p>\n                                        <\/div>\n                                    <\/div>\n                                <\/li>\n\t\t\t\t\t\t\t\t                                <li class=\"accordion block \">\n                                    <div class=\"acc-btn \">\n                                        <div class=\"icon-outer\"><\/div>\n                                        <h6>\u00bfQu\u00e9 tengo que hacer para instalar paneles solares?<\/h6>\n                                    <\/div>\n                                    <div class=\"acc-content \">\n                                        <div class=\"text\">\n                                            <p>Con GMotica pasarte a la energ\u00eda solar es muy sencillo: En primer lugar se estudian tus necesidades, consumo energ\u00e9tico, uso y costumbres. Con los datos aportados, ingenieros realizar\u00e1n un dimensionamiento del equipamiento que necesitas. Llevamos a cabo un estudio completo para conocer la viabilidad de la instalaci\u00f3n y los beneficios que va a aportarte. Cuando des el visto bueno, nos ponemos en marcha con la instalaci\u00f3n y te ayudamos a gestionar los permisos y los beneficios fiscales. Mantenemos tu instalaci\u00f3n en condiciones \u00f3ptimas para que puedas disfrutar de la energ\u00eda solar y ahorrar desde el primer d\u00eda.<\/p>\n                                        <\/div>\n                                    <\/div>\n                                <\/li>\n\t\t\t\t\t\t\t\t                                <li class=\"accordion block \">\n                                    <div class=\"acc-btn \">\n                                        <div class=\"icon-outer\"><\/div>\n                                        <h6>\u00bfPuedo solicitar beneficios para instalar placas solares para el autoconsumo?<\/h6>\n                                    <\/div>\n                                    <div class=\"acc-content \">\n                                        <div class=\"text\">\n                                            <p>Actualmente en Argentina existen diferentes beneficios fiscales para la instalaci\u00f3n de placas solares y bater\u00edas, tanto a nivel nacional como provincial. Podr\u00e1s descubrir estos beneficios en las p\u00e1ginas de los gobiernos. En GMotica te ayudamos a tramitar estos beneficios.<\/p>\n                                        <\/div>\n                                    <\/div>\n                                <\/li>\n\t\t\t\t\t\t\t\t                                <li class=\"accordion block \">\n                                    <div class=\"acc-btn \">\n                                        <div class=\"icon-outer\"><\/div>\n                                        <h6>\u00bfCu\u00e1l es el precio de la instalaci\u00f3n de placas solares?<\/h6>\n                                    <\/div>\n                                    <div class=\"acc-content \">\n                                        <div class=\"text\">\n                                            <p>El precio de la instalaci\u00f3n depende de diversos factores, como el tipo de servicio a contratar: autoconsumo para viviendas, empresas, sector agr\u00edcola, etc.\u00a0 Cons\u00faltanos si est\u00e1s interesado en la instalaci\u00f3n de paneles solares, nuestros t\u00e9cnicos te asesoran sin compromiso.<\/p>\n                                        <\/div>\n                                    <\/div>\n                                <\/li>\n\t\t\t\t\t\t\t\t                                <li class=\"accordion block \">\n                                    <div class=\"acc-btn \">\n                                        <div class=\"icon-outer\"><\/div>\n                                        <h6>\u00bfCu\u00e1nto ahorrar\u00e9 con energ\u00eda solar?<\/h6>\n                                    <\/div>\n                                    <div class=\"acc-content \">\n                                        <div class=\"text\">\n                                            <p>La energ\u00eda solar genera hasta un 80% de ahorro en la factura de la luz o gas, que se puede ver reflejado desde el primer d\u00eda. En algunos casos se puede llegar a lograr una autonom\u00eda del 100%, dejando de depender de los Entes prestadores de Servicio o incluso si se carece de Servicios en el lugar.<\/p>\n                                        <\/div>\n                                    <\/div>\n                                <\/li>\n\t\t\t\t\t\t\t\t                            <\/ul>\n                        <\/div>\n                    <\/div>\n\t\t\t\t\t\n                    <div class=\"col-lg-4 col-md-12 col-sm-12 sidebar-side\">\n                        <div class=\"faq-sidebar default-sidebar\">\n                            <div class=\"sidebar-content\">\n                                <div class=\"shape-1\" style=\"background-image: url(https:\/\/gmotica.com.ar\/wp-content\/themes\/energo\/assets\/images\/shape\/shape-7.png);\"><\/div>\n                                <div class=\"shape-2\" style=\"background-image: url(https:\/\/gmotica.com.ar\/wp-content\/themes\/energo\/assets\/images\/shape\/shape-8.png);\"><\/div>\n                                <figure class=\"image-layer\"><img decoding=\"async\" src=\"https:\/\/gmotica.com.ar\/wp-content\/uploads\/2023\/01\/Gaston-Hidalgo-contacto.png\" alt=\"Icon\"><\/figure>\n                                <div class=\"upper-box\">\n                                    <div class=\"icon-box\"><img decoding=\"async\" src=\"https:\/\/gmotica.com.ar\/wp-content\/uploads\/2021\/09\/icon-50.png\" alt=\"Icon\"><\/div>\n                                    <h5>\u00a1Dejanos tu consulta!<\/h5>\n\t\t\t\t\t\t\t\t\t\n\t\t\t\t\t\t\t\t\t                                    <a href=\"https:\/\/wa.me\/5493513518603?text=\" class=\"theme-btn\" target=\"_blank\" rel=\"noopener\">enviar whatsapp<\/a>\n\t\t\t\t\t\t\t\t\t                                <\/div>\n\t\t\t\t\t\t\t\t\n\t\t\t\t\t\t\t\t                                <div class=\"support-box\">\n                                    <div class=\"icon-box\"><i class=\"fa fa-headphones\"><\/i><\/div>\n                                    <h6>Tel\u00e9fono<\/h6>\n                                    <h5><a href=\"tel:5493513518603\">+54 9 351 3-518603<\/a><\/h5>\n                                <\/div>\n\t\t\t\t\t\t\t\t                            <\/div>\n                        <\/div>\n                    <\/div>\n                <\/div>\n            <\/div>\n        <\/section>\n        <!-- faq-page-section end -->\n\n        \t\t<\/div>\n\t\t\t\t<\/div>\n\t\t\t\t\t<\/div>\n\t\t<\/div>\n\t\t\t\t\t<\/div>\n\t\t<\/section>\n\t\t\t\t<section class=\"elementor-section elementor-top-section elementor-element elementor-element-a20cf24 elementor-section-boxed elementor-section-height-default elementor-section-height-default\" data-id=\"a20cf24\" data-element_type=\"section\">\n\t\t\t\t\t\t<div class=\"elementor-container elementor-column-gap-default\">\n\t\t\t\t\t<div class=\"elementor-column elementor-col-100 elementor-top-column elementor-element elementor-element-bfd895d\" data-id=\"bfd895d\" data-element_type=\"column\">\n\t\t\t<div class=\"elementor-widget-wrap elementor-element-populated\">\n\t\t\t\t\t\t\t<\/div>\n\t\t<\/div>\n\t\t\t\t\t<\/div>\n\t\t<\/section>\n\t\t\t\t<\/div>\n\t\t","protected":false},"excerpt":{"rendered":"<p>\/\/ \\ FAQ&#8217;s \u00bfC\u00f3mo podemos ayudarte? \u00bfQu\u00e9 es la energ\u00eda solar fotovoltaica? La energ\u00eda solar fotovoltaica es aquella que se obtiene del sol a trav\u00e9s de los paneles solares, que recogen su luz para transformarla en electricidad. Es una fuente de energ\u00eda limpia, renovable e inagotable. \u00bfQu\u00e9 es la energ\u00eda solar t\u00e9rmica? La energ\u00eda solar [&hellip;]<\/p>\n","protected":false},"author":1,"featured_media":0,"parent":0,"menu_order":0,"comment_status":"closed","ping_status":"closed","template":"tpl-default-elementor.php","meta":{"om_disable_all_campaigns":false,"rank_math_lock_modified_date":false,"_monsterinsights_skip_tracking":false,"_monsterinsights_sitenote_active":false,"_monsterinsights_sitenote_note":"","_monsterinsights_sitenote_category":0,"footnotes":""},"class_list":["post-703","page","type-page","status-publish","hentry"],"_links":{"self":[{"href":"https:\/\/gmotica.com.ar\/index.php\/wp-json\/wp\/v2\/pages\/703"}],"collection":[{"href":"https:\/\/gmotica.com.ar\/index.php\/wp-json\/wp\/v2\/pages"}],"about":[{"href":"https:\/\/gmotica.com.ar\/index.php\/wp-json\/wp\/v2\/types\/page"}],"author":[{"embeddable":true,"href":"https:\/\/gmotica.com.ar\/index.php\/wp-json\/wp\/v2\/users\/1"}],"replies":[{"embeddable":true,"href":"https:\/\/gmotica.com.ar\/index.php\/wp-json\/wp\/v2\/comments?post=703"}],"version-history":[{"count":71,"href":"https:\/\/gmotica.com.ar\/index.php\/wp-json\/wp\/v2\/pages\/703\/revisions"}],"predecessor-version":[{"id":3512,"href":"https:\/\/gmotica.com.ar\/index.php\/wp-json\/wp\/v2\/pages\/703\/revisions\/3512"}],"wp:attachment":[{"href":"https:\/\/gmotica.com.ar\/index.php\/wp-json\/wp\/v2\/media?parent=703"}],"curies":[{"name":"wp","href":"https:\/\/api.w.org\/{rel}","templated":true}]}}