{"id":786,"date":"2021-09-21T08:23:16","date_gmt":"2021-09-21T08:23:16","guid":{"rendered":"http:\/\/fastwpdemo.com\/newwp\/energo\/?page_id=786"},"modified":"2022-12-29T13:58:23","modified_gmt":"2022-12-29T13:58:23","slug":"servicios","status":"publish","type":"page","link":"https:\/\/gmotica.com.ar\/index.php\/servicios\/","title":{"rendered":"Servicios"},"content":{"rendered":"\t\t<div data-elementor-type=\"wp-page\" data-elementor-id=\"786\" class=\"elementor elementor-786\">\n\t\t\t\t\t\t<section class=\"elementor-section elementor-top-section elementor-element elementor-element-7c0ea44 elementor-section-full_width elementor-section-height-default elementor-section-height-default\" data-id=\"7c0ea44\" data-element_type=\"section\">\n\t\t\t\t\t\t<div class=\"elementor-container elementor-column-gap-default\">\n\t\t\t\t\t<div class=\"elementor-column elementor-col-100 elementor-top-column elementor-element elementor-element-245a175\" data-id=\"245a175\" data-element_type=\"column\">\n\t\t\t<div class=\"elementor-widget-wrap elementor-element-populated\">\n\t\t\t\t\t\t<div class=\"elementor-element elementor-element-ebeec8a elementor-widget elementor-widget-energo_services_v1\" data-id=\"ebeec8a\" data-element_type=\"widget\" data-widget_type=\"energo_services_v1.default\">\n\t\t\t\t<div class=\"elementor-widget-container\">\n\t\t\t        \n        <!-- service-style-two -->\n        <section class=\"service-style-two sec-pad\">\n            <div class=\"auto-container\">\n                <div class=\"upper-box\">\n                    <div class=\"row clearfix\">\n                        <div class=\"col-lg-6 col-md-12 col-sm-12 title-column\">\n                            <div class=\"sec-title\">\n\t\t\t\t\t\t\t\t                                <div class=\"title-top\">\n                                    <div class=\"shape-box\">\n                                        <span class=\"shape shape-1\">\/\/<\/span>\n                                    <\/div>\n                                    <h6>Servicios<\/h6>\n                                <\/div>\n\t\t\t\t\t\t\t\t                                <h2>Soluciones Eficientes<\/h2>\n                            <\/div>\n                        <\/div>\n                        <div class=\"col-lg-6 col-md-12 col-sm-12 text-column\">\n                            <div class=\"text\">\n                                <p>Asesoramiento por ingenieros y t\u00e9cnicos especializados en energ\u00edas renovables  que se actualizan constantemente para la aplicaci\u00f3n de tecnolog\u00edas de vanguardia. Poseen certificaciones de marcas y empresas internacionales.<\/p>\n                            <\/div>\n                        <\/div>\n                    <\/div>\n                <\/div>\n                <div class=\"row clearfix\">\n                                        <div class=\"col-lg-4 col-md-6 col-sm-12 service-block\">\n                        <div class=\"service-block-two wow fadeInUp animated\" data-wow-delay=\"300ms\" data-wow-duration=\"1500ms\">\n                            <div class=\"inner-box\">\n                                <figure class=\"image-box\"><img fetchpriority=\"high\" decoding=\"async\" width=\"370\" height=\"450\" src=\"https:\/\/gmotica.com.ar\/wp-content\/uploads\/2021\/09\/gaston-hildalgo-11-370x450.jpg\" class=\"attachment-energo_370x450 size-energo_370x450 wp-post-image\" alt=\"\" srcset=\"https:\/\/gmotica.com.ar\/wp-content\/uploads\/2021\/09\/gaston-hildalgo-11-370x450.jpg 370w, https:\/\/gmotica.com.ar\/wp-content\/uploads\/2021\/09\/gaston-hildalgo-11-247x300.jpg 247w, https:\/\/gmotica.com.ar\/wp-content\/uploads\/2021\/09\/gaston-hildalgo-11.jpg 463w\" sizes=\"(max-width: 370px) 100vw, 370px\" \/><\/figure>\n                                <div class=\"content-box\">\n                                    <div class=\"link\"><a href=\"http:\/\/gmotica.com.ar\/index.php\/servicios\/energia-solar-termica\/\"><i class=\"flaticon-right-arrows\"><\/i><span>More<\/span><\/a><\/div>\n                                    <div class=\"inner\">\n\t\t\t\t\t\t\t\t\t\t                                        <div class=\"icon-box\"><img decoding=\"async\" src=\"\" alt=\"Icon\"><\/div>\n                                        <div class=\"text\">\n                                            <h3><a href=\"http:\/\/gmotica.com.ar\/index.php\/servicios\/energia-solar-termica\/\"><span>Energ\u00eda<\/span><br>solar t\u00e9rmica<\/a><\/h3>\n                                        <\/div>\n                                    <\/div>\n                                <\/div>\n                                <div class=\"overlay-content\">\n                                    <div class=\"link\"><a href=\"http:\/\/gmotica.com.ar\/index.php\/servicios\/energia-solar-termica\/\"><i class=\"flaticon-right-arrows\"><\/i><span>More<\/span><\/a><\/div>\n                                    <div class=\"text\">\n                                        <h3><a href=\"http:\/\/gmotica.com.ar\/index.php\/servicios\/energia-solar-termica\/\"><span>Energ\u00eda<\/span><br>solar t\u00e9rmica<\/a><\/h3>\n                                        <p>Es el uso de la energ\u00eda solar para el calentamiento de fluidos&#8230;.<\/p>\n                                    <\/div>\n                                <\/div>\n                            <\/div>\n                        <\/div>\n                    <\/div>\n                                        <div class=\"col-lg-4 col-md-6 col-sm-12 service-block\">\n                        <div class=\"service-block-two wow fadeInUp animated\" data-wow-delay=\"300ms\" data-wow-duration=\"1500ms\">\n                            <div class=\"inner-box\">\n                                <figure class=\"image-box\"><img decoding=\"async\" width=\"370\" height=\"450\" src=\"https:\/\/gmotica.com.ar\/wp-content\/uploads\/2021\/09\/gaston-hidalgo-12-370x450.jpg\" class=\"attachment-energo_370x450 size-energo_370x450 wp-post-image\" alt=\"\" srcset=\"https:\/\/gmotica.com.ar\/wp-content\/uploads\/2021\/09\/gaston-hidalgo-12-370x450.jpg 370w, https:\/\/gmotica.com.ar\/wp-content\/uploads\/2021\/09\/gaston-hidalgo-12-247x300.jpg 247w, https:\/\/gmotica.com.ar\/wp-content\/uploads\/2021\/09\/gaston-hidalgo-12.jpg 463w\" sizes=\"(max-width: 370px) 100vw, 370px\" \/><\/figure>\n                                <div class=\"content-box\">\n                                    <div class=\"link\"><a href=\"http:\/\/gmotica.com.ar\/index.php\/servicios\/energia-solar-fotovoltaica\/\"><i class=\"flaticon-right-arrows\"><\/i><span>More<\/span><\/a><\/div>\n                                    <div class=\"inner\">\n\t\t\t\t\t\t\t\t\t\t                                        <div class=\"icon-box\"><img decoding=\"async\" src=\"\" alt=\"Icon\"><\/div>\n                                        <div class=\"text\">\n                                            <h3><a href=\"http:\/\/gmotica.com.ar\/index.php\/servicios\/energia-solar-fotovoltaica\/\"><span>Energ\u00eda<\/span><br>solar fotovoltaica<\/a><\/h3>\n                                        <\/div>\n                                    <\/div>\n                                <\/div>\n                                <div class=\"overlay-content\">\n                                    <div class=\"link\"><a href=\"http:\/\/gmotica.com.ar\/index.php\/servicios\/energia-solar-fotovoltaica\/\"><i class=\"flaticon-right-arrows\"><\/i><span>More<\/span><\/a><\/div>\n                                    <div class=\"text\">\n                                        <h3><a href=\"http:\/\/gmotica.com.ar\/index.php\/servicios\/energia-solar-fotovoltaica\/\"><span>Energ\u00eda<\/span><br>solar fotovoltaica<\/a><\/h3>\n                                        <p>Es el uso de la energ\u00eda solar para producir; y en caso de ser ...<\/p>\n                                    <\/div>\n                                <\/div>\n                            <\/div>\n                        <\/div>\n                    <\/div>\n                                        <div class=\"col-lg-4 col-md-6 col-sm-12 service-block\">\n                        <div class=\"service-block-two wow fadeInUp animated\" data-wow-delay=\"300ms\" data-wow-duration=\"1500ms\">\n                            <div class=\"inner-box\">\n                                <figure class=\"image-box\"><img decoding=\"async\" width=\"370\" height=\"450\" src=\"https:\/\/gmotica.com.ar\/wp-content\/uploads\/2021\/09\/gaston-hildalgo-13-370x450.jpg\" class=\"attachment-energo_370x450 size-energo_370x450 wp-post-image\" alt=\"\" srcset=\"https:\/\/gmotica.com.ar\/wp-content\/uploads\/2021\/09\/gaston-hildalgo-13-370x450.jpg 370w, https:\/\/gmotica.com.ar\/wp-content\/uploads\/2021\/09\/gaston-hildalgo-13-247x300.jpg 247w, https:\/\/gmotica.com.ar\/wp-content\/uploads\/2021\/09\/gaston-hildalgo-13.jpg 463w\" sizes=\"(max-width: 370px) 100vw, 370px\" \/><\/figure>\n                                <div class=\"content-box\">\n                                    <div class=\"link\"><a href=\"http:\/\/gmotica.com.ar\/index.php\/servicios\/bombeo-solar\/\"><i class=\"flaticon-right-arrows\"><\/i><span>More<\/span><\/a><\/div>\n                                    <div class=\"inner\">\n\t\t\t\t\t\t\t\t\t\t                                        <div class=\"icon-box\"><img decoding=\"async\" src=\"\" alt=\"Icon\"><\/div>\n                                        <div class=\"text\">\n                                            <h3><a href=\"http:\/\/gmotica.com.ar\/index.php\/servicios\/bombeo-solar\/\"><span>Bombeo<\/span><br>solar<\/a><\/h3>\n                                        <\/div>\n                                    <\/div>\n                                <\/div>\n                                <div class=\"overlay-content\">\n                                    <div class=\"link\"><a href=\"http:\/\/gmotica.com.ar\/index.php\/servicios\/bombeo-solar\/\"><i class=\"flaticon-right-arrows\"><\/i><span>More<\/span><\/a><\/div>\n                                    <div class=\"text\">\n                                        <h3><a href=\"http:\/\/gmotica.com.ar\/index.php\/servicios\/bombeo-solar\/\"><span>Bombeo<\/span><br>solar<\/a><\/h3>\n                                        <p>Sistemas que integran la energ\u00eda fotovoltaica y el uso de bombas altamente eficientes&#8230;<\/p>\n                                    <\/div>\n                                <\/div>\n                            <\/div>\n                        <\/div>\n                    <\/div>\n                                    <\/div>\n            <\/div>\n        <\/section>\n        <!-- service-style-two end -->\n\n        \t\t<\/div>\n\t\t\t\t<\/div>\n\t\t\t\t\t<\/div>\n\t\t<\/div>\n\t\t\t\t\t<\/div>\n\t\t<\/section>\n\t\t\t\t<\/div>\n\t\t","protected":false},"excerpt":{"rendered":"<p>\/\/ Servicios Soluciones Eficientes Asesoramiento por ingenieros y t\u00e9cnicos especializados en energ\u00edas renovables que se actualizan constantemente para la aplicaci\u00f3n de tecnolog\u00edas de vanguardia. Poseen certificaciones de marcas y empresas internacionales. More Energ\u00edasolar t\u00e9rmica More Energ\u00edasolar t\u00e9rmica Es el uso de la energ\u00eda solar para el calentamiento de fluidos&#8230;. More Energ\u00edasolar fotovoltaica More Energ\u00edasolar fotovoltaica [&hellip;]<\/p>\n","protected":false},"author":1,"featured_media":0,"parent":0,"menu_order":0,"comment_status":"closed","ping_status":"closed","template":"tpl-default-elementor.php","meta":{"om_disable_all_campaigns":false,"rank_math_lock_modified_date":false,"_monsterinsights_skip_tracking":false,"_monsterinsights_sitenote_active":false,"_monsterinsights_sitenote_note":"","_monsterinsights_sitenote_category":0,"footnotes":""},"class_list":["post-786","page","type-page","status-publish","hentry"],"_links":{"self":[{"href":"https:\/\/gmotica.com.ar\/index.php\/wp-json\/wp\/v2\/pages\/786"}],"collection":[{"href":"https:\/\/gmotica.com.ar\/index.php\/wp-json\/wp\/v2\/pages"}],"about":[{"href":"https:\/\/gmotica.com.ar\/index.php\/wp-json\/wp\/v2\/types\/page"}],"author":[{"embeddable":true,"href":"https:\/\/gmotica.com.ar\/index.php\/wp-json\/wp\/v2\/users\/1"}],"replies":[{"embeddable":true,"href":"https:\/\/gmotica.com.ar\/index.php\/wp-json\/wp\/v2\/comments?post=786"}],"version-history":[{"count":8,"href":"https:\/\/gmotica.com.ar\/index.php\/wp-json\/wp\/v2\/pages\/786\/revisions"}],"predecessor-version":[{"id":2412,"href":"https:\/\/gmotica.com.ar\/index.php\/wp-json\/wp\/v2\/pages\/786\/revisions\/2412"}],"wp:attachment":[{"href":"https:\/\/gmotica.com.ar\/index.php\/wp-json\/wp\/v2\/media?parent=786"}],"curies":[{"name":"wp","href":"https:\/\/api.w.org\/{rel}","templated":true}]}}